{"id":813,"date":"2020-02-19T15:01:04","date_gmt":"2020-02-19T15:01:04","guid":{"rendered":"http:\/\/cplplacement.it\/?page_id=813"},"modified":"2020-02-19T17:07:13","modified_gmt":"2020-02-19T17:07:13","slug":"autorizzazioni-ministeriali","status":"publish","type":"page","link":"http:\/\/cplplacement.it\/index.php\/autorizzazioni-ministeriali\/","title":{"rendered":"Autorizzazioni Ministeriali"},"content":{"rendered":"\t\t<div data-elementor-type=\"wp-page\" data-elementor-id=\"813\" class=\"elementor elementor-813\">\n\t\t\t\t\t\t<div class=\"elementor-inner\">\n\t\t\t\t<div class=\"elementor-section-wrap\">\n\t\t\t\t\t\t\t\t\t<section class=\"elementor-section elementor-top-section elementor-element elementor-element-926e2d8 elementor-section-stretched elementor-section-full_width elementor-section-height-min-height elementor-section-height-default elementor-section-items-middle\" data-id=\"926e2d8\" data-element_type=\"section\" data-settings=\"{&quot;stretch_section&quot;:&quot;section-stretched&quot;,&quot;background_background&quot;:&quot;classic&quot;,&quot;shape_divider_bottom&quot;:&quot;opacity-tilt&quot;}\">\n\t\t\t\t\t\t\t<div class=\"elementor-background-overlay\"><\/div>\n\t\t\t\t\t\t<div class=\"elementor-shape elementor-shape-bottom\" data-negative=\"false\">\n\t\t\t<svg xmlns=\"http:\/\/www.w3.org\/2000\/svg\" viewBox=\"0 0 2600 131.1\" preserveAspectRatio=\"none\">\n\t<path class=\"elementor-shape-fill\" d=\"M0 0L2600 0 2600 69.1 0 0z\"\/>\n\t<path class=\"elementor-shape-fill\" style=\"opacity:0.5\" d=\"M0 0L2600 0 2600 69.1 0 69.1z\"\/>\n\t<path class=\"elementor-shape-fill\" style=\"opacity:0.25\" d=\"M2600 0L0 0 0 130.1 2600 69.1z\"\/>\n<\/svg>\t\t<\/div>\n\t\t\t\t\t<div class=\"elementor-container elementor-column-gap-default\">\n\t\t\t\t\t\t\t<div class=\"elementor-row\">\n\t\t\t\t\t<div class=\"elementor-column elementor-col-100 elementor-top-column elementor-element elementor-element-ecb05e5\" data-id=\"ecb05e5\" data-element_type=\"column\">\n\t\t\t<div class=\"elementor-column-wrap elementor-element-populated\">\n\t\t\t\t\t\t\t<div class=\"elementor-widget-wrap\">\n\t\t\t\t\t\t<div class=\"elementor-element elementor-element-bf98f6e elementor-widget elementor-widget-heading\" data-id=\"bf98f6e\" data-element_type=\"widget\" data-widget_type=\"heading.default\">\n\t\t\t\t<div class=\"elementor-widget-container\">\n\t\t\t<h1 class=\"elementor-heading-title elementor-size-default\">Il servizio di Outplacement pu\u00f2 essere unicamente fornito da <br>una societ\u00e0 autorizzata dal Ministero del Lavoro.<\/h1>\t\t<\/div>\n\t\t\t\t<\/div>\n\t\t\t\t\t\t<\/div>\n\t\t\t\t\t<\/div>\n\t\t<\/div>\n\t\t\t\t\t\t\t\t<\/div>\n\t\t\t\t\t<\/div>\n\t\t<\/section>\n\t\t\t\t<section class=\"elementor-section elementor-top-section elementor-element elementor-element-51c3638 elementor-section-boxed elementor-section-height-default elementor-section-height-default\" data-id=\"51c3638\" data-element_type=\"section\">\n\t\t\t\t\t\t<div class=\"elementor-container elementor-column-gap-default\">\n\t\t\t\t\t\t\t<div class=\"elementor-row\">\n\t\t\t\t\t<div class=\"elementor-column elementor-col-100 elementor-top-column elementor-element elementor-element-4b31ad8\" data-id=\"4b31ad8\" data-element_type=\"column\">\n\t\t\t<div class=\"elementor-column-wrap elementor-element-populated\">\n\t\t\t\t\t\t\t<div class=\"elementor-widget-wrap\">\n\t\t\t\t\t\t<div class=\"elementor-element elementor-element-cd83b3a elementor-widget elementor-widget-spacer\" data-id=\"cd83b3a\" data-element_type=\"widget\" data-widget_type=\"spacer.default\">\n\t\t\t\t<div class=\"elementor-widget-container\">\n\t\t\t\t\t<div class=\"elementor-spacer\">\n\t\t\t<div class=\"elementor-spacer-inner\"><\/div>\n\t\t<\/div>\n\t\t\t\t<\/div>\n\t\t\t\t<\/div>\n\t\t\t\t<div class=\"elementor-element elementor-element-169d172 elementor-widget elementor-widget-heading\" data-id=\"169d172\" data-element_type=\"widget\" data-widget_type=\"heading.default\">\n\t\t\t\t<div class=\"elementor-widget-container\">\n\t\t\t<h2 class=\"elementor-heading-title elementor-size-large\">In accordo con il d.lgs. n.276 del 2003 soltanto le societ\u00e0 autorizzate dal ministero possono svolgere l'attivit\u00e0 di Supporto alla Ricollocazione (Outplacement) su specifico ed esclusivo incarico dell'organizzazione committente (datore di lavoro).   <\/h2>\t\t<\/div>\n\t\t\t\t<\/div>\n\t\t\t\t<div class=\"elementor-element elementor-element-4b946ce elementor-widget elementor-widget-text-editor\" data-id=\"4b946ce\" data-element_type=\"widget\" data-widget_type=\"text-editor.default\">\n\t\t\t\t<div class=\"elementor-widget-container\">\n\t\t\t\t\t\t\t\t<div class=\"elementor-text-editor elementor-clearfix\">\n\t\t\t\t<p>SYNERGOS SRL \u00e8 titolare di due autorizzazioni a tempo indeterminato per lo svolgimento delle attivit\u00e0 di:<br \/>RICERCA E SELEZIONE DEL PERSONALE, Autorizzazione a tempo indeterminato del Ministero del Lavoro e delle Politiche Sociali, prot. n. 13\/I\/0008775 del 24\/06\/2009 e inizio attivit\u00e0 nel Febbraio del 2007.<br \/>RICOLLOCAZIONE PROFESSIONALE (Outplacement), Autorizzazione a tempo indeterminato del Ministero del Lavoro e delle Politiche Sociali, prot. n. 39\/0014493 del 17\/10\/2012 e inizio attivit\u00e0 nell\u2019Aprile del 2010.<\/p>\t\t\t\t\t<\/div>\n\t\t\t\t\t\t<\/div>\n\t\t\t\t<\/div>\n\t\t\t\t\t\t<\/div>\n\t\t\t\t\t<\/div>\n\t\t<\/div>\n\t\t\t\t\t\t\t\t<\/div>\n\t\t\t\t\t<\/div>\n\t\t<\/section>\n\t\t\t\t<section class=\"elementor-section elementor-top-section elementor-element elementor-element-053ab6a elementor-section-boxed elementor-section-height-default elementor-section-height-default\" data-id=\"053ab6a\" data-element_type=\"section\">\n\t\t\t\t\t\t<div class=\"elementor-container elementor-column-gap-default\">\n\t\t\t\t\t\t\t<div class=\"elementor-row\">\n\t\t\t\t\t<div class=\"elementor-column elementor-col-100 elementor-top-column elementor-element elementor-element-25e6fda\" data-id=\"25e6fda\" data-element_type=\"column\">\n\t\t\t<div class=\"elementor-column-wrap elementor-element-populated\">\n\t\t\t\t\t\t\t<div class=\"elementor-widget-wrap\">\n\t\t\t\t\t\t<div class=\"elementor-element elementor-element-d156f1e elementor-widget elementor-widget-heading\" data-id=\"d156f1e\" data-element_type=\"widget\" data-widget_type=\"heading.default\">\n\t\t\t\t<div class=\"elementor-widget-container\">\n\t\t\t<h3 class=\"elementor-heading-title elementor-size-default\">Condizioni generali del servizio<\/h3>\t\t<\/div>\n\t\t\t\t<\/div>\n\t\t\t\t<div class=\"elementor-element elementor-element-039bcfe elementor-widget elementor-widget-text-editor\" data-id=\"039bcfe\" data-element_type=\"widget\" data-widget_type=\"text-editor.default\">\n\t\t\t\t<div class=\"elementor-widget-container\">\n\t\t\t\t\t\t\t\t<div class=\"elementor-text-editor elementor-clearfix\">\n\t\t\t\t<p>DURATA: Di norma il servizio di Supporto alla Ricollocazione viene richiesto per un periodo compreso tra i 12 e 21 mesi dalla risoluzione del rapporto di lavoro.<\/p>\t\t\t\t\t<\/div>\n\t\t\t\t\t\t<\/div>\n\t\t\t\t<\/div>\n\t\t\t\t<div class=\"elementor-element elementor-element-49ded9c elementor-widget elementor-widget-text-editor\" data-id=\"49ded9c\" data-element_type=\"widget\" data-widget_type=\"text-editor.default\">\n\t\t\t\t<div class=\"elementor-widget-container\">\n\t\t\t\t\t\t\t\t<div class=\"elementor-text-editor elementor-clearfix\">\n\t\t\t\t<p>GARANZIA: Nel caso in cui la persona, successivamente al suo inserimento presso un nuovo datore di lavoro, non superasse il periodo di prova o non venisse confermata al termine di un tempo determinato, avr\u00e0 diritto a rientrare e completare il percorso di ricollocazione.<\/p>\t\t\t\t\t<\/div>\n\t\t\t\t\t\t<\/div>\n\t\t\t\t<\/div>\n\t\t\t\t\t\t<\/div>\n\t\t\t\t\t<\/div>\n\t\t<\/div>\n\t\t\t\t\t\t\t\t<\/div>\n\t\t\t\t\t<\/div>\n\t\t<\/section>\n\t\t\t\t<section class=\"elementor-section elementor-top-section elementor-element elementor-element-fd856a8 elementor-section-boxed elementor-section-height-default elementor-section-height-default\" data-id=\"fd856a8\" data-element_type=\"section\">\n\t\t\t\t\t\t<div class=\"elementor-container elementor-column-gap-default\">\n\t\t\t\t\t\t\t<div class=\"elementor-row\">\n\t\t\t\t\t<div class=\"elementor-column elementor-col-100 elementor-top-column elementor-element elementor-element-c672266\" data-id=\"c672266\" data-element_type=\"column\">\n\t\t\t<div class=\"elementor-column-wrap elementor-element-populated\">\n\t\t\t\t\t\t\t<div class=\"elementor-widget-wrap\">\n\t\t\t\t\t\t<div class=\"elementor-element elementor-element-e8f782d elementor-widget elementor-widget-heading\" data-id=\"e8f782d\" data-element_type=\"widget\" data-widget_type=\"heading.default\">\n\t\t\t\t<div class=\"elementor-widget-container\">\n\t\t\t<h3 class=\"elementor-heading-title elementor-size-default\">Codice di autoregolamentazione<\/h3>\t\t<\/div>\n\t\t\t\t<\/div>\n\t\t\t\t<div class=\"elementor-element elementor-element-a8fe0a7 elementor-widget elementor-widget-text-editor\" data-id=\"a8fe0a7\" data-element_type=\"widget\" data-widget_type=\"text-editor.default\">\n\t\t\t\t<div class=\"elementor-widget-container\">\n\t\t\t\t\t\t\t\t<div class=\"elementor-text-editor elementor-clearfix\">\n\t\t\t\tCPL &amp; TAYLOR opera rispettando una serie di norme etiche di comportamento:<br>\nObiettivit\u00e0 ed indipendenza nella valutazione dei candidati<br>\nRispetto della dignit\u00e0 dei candidati indipendentemente dal livello professionale o dalle situazioni economiche e sociali<br>\nCura dell\u2019aggiornamento dei propri collaboratori<br>\nVerifica, in modo continuo, del rispetto della privacy nel trattamento delle informazioni sia dei candidati che dei clienti da parte dei propri collaboratori\n\t\t\t\t\t<\/div>\n\t\t\t\t\t\t<\/div>\n\t\t\t\t<\/div>\n\t\t\t\t\t\t<\/div>\n\t\t\t\t\t<\/div>\n\t\t<\/div>\n\t\t\t\t\t\t\t\t<\/div>\n\t\t\t\t\t<\/div>\n\t\t<\/section>\n\t\t\t\t\t\t\t\t\t<\/div>\n\t\t\t<\/div>\n\t\t\t\t\t<\/div>\n\t\t","protected":false},"excerpt":{"rendered":"<p>Il servizio di Outplacement pu\u00f2 essere unicamente fornito da una societ\u00e0 autorizzata dal Ministero del Lavoro. In accordo con il d.lgs. n.276 del 2003 soltanto le societ\u00e0 autorizzate dal ministero possono svolgere l&#8217;attivit\u00e0 di Supporto alla Ricollocazione (Outplacement) su specifico ed esclusivo incarico dell&#8217;organizzazione committente (datore di lavoro). SYNERGOS SRL \u00e8 titolare di due autorizzazioni&hellip;&nbsp;<a href=\"http:\/\/cplplacement.it\/index.php\/autorizzazioni-ministeriali\/\" class=\"\" rel=\"bookmark\">Leggi tutto &raquo;<span class=\"screen-reader-text\">Autorizzazioni Ministeriali<\/span><\/a><\/p>\n","protected":false},"author":1,"featured_media":0,"parent":0,"menu_order":0,"comment_status":"closed","ping_status":"closed","template":"page-templates\/template-pagebuilder-full-width.php","meta":{"neve_meta_sidebar":"full-width","neve_meta_container":"","neve_meta_enable_content_width":"on","neve_meta_content_width":100,"neve_meta_title_alignment":"","neve_meta_author_avatar":"","neve_post_elements_order":"","neve_meta_disable_header":"","neve_meta_disable_footer":"","neve_meta_disable_title":""},"_links":{"self":[{"href":"http:\/\/cplplacement.it\/index.php\/wp-json\/wp\/v2\/pages\/813"}],"collection":[{"href":"http:\/\/cplplacement.it\/index.php\/wp-json\/wp\/v2\/pages"}],"about":[{"href":"http:\/\/cplplacement.it\/index.php\/wp-json\/wp\/v2\/types\/page"}],"author":[{"embeddable":true,"href":"http:\/\/cplplacement.it\/index.php\/wp-json\/wp\/v2\/users\/1"}],"replies":[{"embeddable":true,"href":"http:\/\/cplplacement.it\/index.php\/wp-json\/wp\/v2\/comments?post=813"}],"version-history":[{"count":23,"href":"http:\/\/cplplacement.it\/index.php\/wp-json\/wp\/v2\/pages\/813\/revisions"}],"predecessor-version":[{"id":887,"href":"http:\/\/cplplacement.it\/index.php\/wp-json\/wp\/v2\/pages\/813\/revisions\/887"}],"wp:attachment":[{"href":"http:\/\/cplplacement.it\/index.php\/wp-json\/wp\/v2\/media?parent=813"}],"curies":[{"name":"wp","href":"https:\/\/api.w.org\/{rel}","templated":true}]}}